{"id":209,"date":"2020-10-09T11:29:32","date_gmt":"2020-10-09T11:29:32","guid":{"rendered":"https:\/\/support.kyrioschms.com\/?page_id=209"},"modified":"2021-10-21T14:45:53","modified_gmt":"2021-10-21T13:45:53","slug":"sugestao-melhoria","status":"publish","type":"page","link":"https:\/\/support.kyrioschms.com\/pt\/sugestao-melhoria\/","title":{"rendered":"Sugest\u00e3o de melhoria"},"content":{"rendered":"\t\t<div data-elementor-type=\"wp-page\" data-elementor-id=\"209\" class=\"elementor elementor-209\" data-elementor-post-type=\"page\">\n\t\t\t\t\t\t<section class=\"elementor-section elementor-top-section elementor-element elementor-element-3fc511d elementor-section-content-middle elementor-section-boxed elementor-section-height-default elementor-section-height-default\" data-id=\"3fc511d\" data-element_type=\"section\">\n\t\t\t\t\t\t<div class=\"elementor-container elementor-column-gap-no\">\n\t\t\t\t\t<div class=\"elementor-column elementor-col-100 elementor-top-column elementor-element elementor-element-49b98e8f\" data-id=\"49b98e8f\" data-element_type=\"column\">\n\t\t\t<div class=\"elementor-widget-wrap elementor-element-populated\">\n\t\t\t\t\t\t<div class=\"elementor-element elementor-element-6e2e4082 elementor-widget elementor-widget-heading\" data-id=\"6e2e4082\" data-element_type=\"widget\" data-widget_type=\"heading.default\">\n\t\t\t\t<div class=\"elementor-widget-container\">\n\t\t\t<h4 class=\"elementor-heading-title elementor-size-default\">Sugest\u00f5es<\/h4>\t\t<\/div>\n\t\t\t\t<\/div>\n\t\t\t\t<div class=\"elementor-element elementor-element-25d11198 elementor-widget elementor-widget-text-editor\" data-id=\"25d11198\" data-element_type=\"widget\" data-widget_type=\"text-editor.default\">\n\t\t\t\t<div class=\"elementor-widget-container\">\n\t\t\t\t\t\t\t<!-- wp:paragraph -->\n<div class=\"elementor-element elementor-element-25d11198 elementor-widget elementor-widget-text-editor\" data-id=\"25d11198\" data-element_type=\"widget\" data-widget_type=\"text-editor.default\">\n<div class=\"elementor-widget-container\">\n<div class=\"elementor-text-editor elementor-clearfix\">\n<p>Se tiver sugest\u00f5es de melhoria para o Kyrios, fa\u00e7a-nos chegar preenchendo o formul\u00e1rio a seguir:<\/p>\n<\/div>\n<\/div>\n<\/div>\n<!-- \/wp:list -->\t\t\t\t\t\t<\/div>\n\t\t\t\t<\/div>\n\t\t\t\t<div class=\"elementor-element elementor-element-2c34c6b elementor-button-align-end elementor-mobile-button-align-center elementor-widget elementor-widget-form\" data-id=\"2c34c6b\" data-element_type=\"widget\" data-settings=\"{&quot;step_next_label&quot;:&quot;Next&quot;,&quot;step_previous_label&quot;:&quot;Previous&quot;,&quot;button_width&quot;:&quot;100&quot;,&quot;step_type&quot;:&quot;number_text&quot;,&quot;step_icon_shape&quot;:&quot;circle&quot;}\" data-widget_type=\"form.default\">\n\t\t\t\t<div class=\"elementor-widget-container\">\n\t\t\t\t\t<form class=\"elementor-form\" method=\"post\" name=\"New Form\">\n\t\t\t<input type=\"hidden\" name=\"post_id\" value=\"209\"\/>\n\t\t\t<input type=\"hidden\" name=\"form_id\" value=\"2c34c6b\"\/>\n\t\t\t<input type=\"hidden\" name=\"referer_title\" value=\"Kyrios ChMS &#8211; Support Portal\" \/>\n\n\t\t\t\n\t\t\t<div class=\"elementor-form-fields-wrapper elementor-labels-above\">\n\t\t\t\t\t\t\t\t<div class=\"elementor-field-type-text elementor-field-group elementor-column elementor-field-group-nome elementor-col-50 elementor-field-required elementor-mark-required\">\n\t\t\t\t\t\t\t\t\t\t\t\t<label for=\"form-field-nome\" class=\"elementor-field-label\">\n\t\t\t\t\t\t\t\tNome\t\t\t\t\t\t\t<\/label>\n\t\t\t\t\t\t\t\t\t\t\t\t\t\t<input size=\"1\" type=\"text\" name=\"form_fields[nome]\" id=\"form-field-nome\" class=\"elementor-field elementor-size-sm  elementor-field-textual\" placeholder=\"Introduza o seu nome\" required=\"required\" aria-required=\"true\">\n\t\t\t\t\t\t\t\t\t\t\t<\/div>\n\t\t\t\t\t\t\t\t<div class=\"elementor-field-type-email elementor-field-group elementor-column elementor-field-group-email elementor-col-50 elementor-field-required elementor-mark-required\">\n\t\t\t\t\t\t\t\t\t\t\t\t<label for=\"form-field-email\" class=\"elementor-field-label\">\n\t\t\t\t\t\t\t\tEMAIL\t\t\t\t\t\t\t<\/label>\n\t\t\t\t\t\t\t\t\t\t\t\t\t\t<input size=\"1\" type=\"email\" name=\"form_fields[email]\" id=\"form-field-email\" class=\"elementor-field elementor-size-sm  elementor-field-textual\" placeholder=\"O seu endere\u00e7o de email\" required=\"required\" aria-required=\"true\">\n\t\t\t\t\t\t\t\t\t\t\t<\/div>\n\t\t\t\t\t\t\t\t<div class=\"elementor-field-type-text elementor-field-group elementor-column elementor-field-group-instituicao elementor-col-100 elementor-field-required elementor-mark-required\">\n\t\t\t\t\t\t\t\t\t\t\t\t<label for=\"form-field-instituicao\" class=\"elementor-field-label\">\n\t\t\t\t\t\t\t\tInstitui\u00e7\u00e3o\t\t\t\t\t\t\t<\/label>\n\t\t\t\t\t\t\t\t\t\t\t\t\t\t<input size=\"1\" type=\"text\" name=\"form_fields[instituicao]\" id=\"form-field-instituicao\" class=\"elementor-field elementor-size-sm  elementor-field-textual\" placeholder=\"Indique aqui qual a sua Diocese, Par\u00f3quia, Institui\u00e7\u00e3o, ... pela qual est\u00e1 a fazer esta sugest\u00e3o\" required=\"required\" aria-required=\"true\">\n\t\t\t\t\t\t\t\t\t\t\t<\/div>\n\t\t\t\t\t\t\t\t<div class=\"elementor-field-type-text elementor-field-group elementor-column elementor-field-group-assunto elementor-col-100 elementor-field-required elementor-mark-required\">\n\t\t\t\t\t\t\t\t\t\t\t\t<label for=\"form-field-assunto\" class=\"elementor-field-label\">\n\t\t\t\t\t\t\t\tAssunto\t\t\t\t\t\t\t<\/label>\n\t\t\t\t\t\t\t\t\t\t\t\t\t\t<input size=\"1\" type=\"text\" name=\"form_fields[assunto]\" id=\"form-field-assunto\" class=\"elementor-field elementor-size-sm  elementor-field-textual\" placeholder=\"Escreva aqui o assunto do pedido\" required=\"required\" aria-required=\"true\">\n\t\t\t\t\t\t\t\t\t\t\t<\/div>\n\t\t\t\t\t\t\t\t<div class=\"elementor-field-type-textarea elementor-field-group elementor-column elementor-field-group-mensagem elementor-col-100 elementor-field-required elementor-mark-required\">\n\t\t\t\t\t\t\t\t\t\t\t\t<label for=\"form-field-mensagem\" class=\"elementor-field-label\">\n\t\t\t\t\t\t\t\tMensagem\t\t\t\t\t\t\t<\/label>\n\t\t\t\t\t\t<textarea class=\"elementor-field-textual elementor-field  elementor-size-sm\" name=\"form_fields[mensagem]\" id=\"form-field-mensagem\" rows=\"4\" placeholder=\"Escreva aqui a sua sugest\u00e3o de melhoria que gostaria de ver no Kyrios\" required=\"required\" aria-required=\"true\"><\/textarea>\t\t\t\t<\/div>\n\t\t\t\t\t\t\t\t<div class=\"elementor-field-type-upload elementor-field-group elementor-column elementor-field-group-anexos elementor-col-100\">\n\t\t\t\t\t\t\t\t\t\t\t\t<label for=\"form-field-anexos\" class=\"elementor-field-label\">\n\t\t\t\t\t\t\t\tAnexos\t\t\t\t\t\t\t<\/label>\n\t\t\t\t\t\t\t\t<input type=\"file\" name=\"form_fields[anexos][]\" id=\"form-field-anexos\" class=\"elementor-field elementor-size-sm  elementor-upload-field\" multiple=\"multiple\">\n\n\t\t\t\t\t\t<\/div>\n\t\t\t\t\t\t\t\t<div class=\"elementor-field-group elementor-column elementor-field-type-submit elementor-col-100 e-form__buttons\">\n\t\t\t\t\t<button type=\"submit\" class=\"elementor-button elementor-size-md\">\n\t\t\t\t\t\t<span >\n\t\t\t\t\t\t\t\t\t\t\t\t\t\t\t<span class=\" elementor-button-icon\">\n\t\t\t\t\t\t\t\t\t\t\t\t\t\t\t\t\t\t\t\t\t\t\t\t\t\t<\/span>\n\t\t\t\t\t\t\t\t\t\t\t\t\t\t\t\t\t\t\t\t\t\t<span class=\"elementor-button-text\">Enviar<\/span>\n\t\t\t\t\t\t\t\t\t\t\t\t\t<\/span>\n\t\t\t\t\t<\/button>\n\t\t\t\t<\/div>\n\t\t\t<\/div>\n\t\t<\/form>\n\t\t\t\t<\/div>\n\t\t\t\t<\/div>\n\t\t\t\t<div class=\"elementor-element elementor-element-4db32b8 elementor-widget elementor-widget-html\" data-id=\"4db32b8\" data-element_type=\"widget\" data-widget_type=\"html.default\">\n\t\t\t\t<div class=\"elementor-widget-container\">\n\t\t\t<center><a href=\"https:\/\/peakitpt.atlassian.net\/servicedesk\/customer\/portal\/5\/group\/13\/create\/80\" id=\"myCustomTrigger\" class='btn btn-primary btn-large'>Se tiver dificuldade em submeter o seu pedido, clique aqui para abrir um formul\u00e1rio alternativo<\/a><\/center>\n\t\t<\/div>\n\t\t\t\t<\/div>\n\t\t\t\t\t<\/div>\n\t\t<\/div>\n\t\t\t\t\t<\/div>\n\t\t<\/section>\n\t\t\t\t<\/div>\n\t\t","protected":false},"excerpt":{"rendered":"<p>Sugest\u00f5es Se tiver sugest\u00f5es de melhoria para o Kyrios, fa\u00e7a-nos chegar preenchendo o formul\u00e1rio a seguir: Se tiver dificuldade em submeter o seu pedido, clique aqui para abrir um formul\u00e1rio alternativo<\/p>\n","protected":false},"author":1,"featured_media":0,"parent":0,"menu_order":0,"comment_status":"closed","ping_status":"closed","template":"","meta":{"inline_featured_image":false,"footnotes":""},"yoast_head":"<!-- This site is optimized with the Yoast SEO plugin v22.3 - https:\/\/yoast.com\/wordpress\/plugins\/seo\/ -->\n<title>Sugest\u00e3o de melhoria - Kyrios ChMS - Support Portal<\/title>\n<meta name=\"robots\" content=\"index, follow, max-snippet:-1, max-image-preview:large, max-video-preview:-1\" \/>\n<link rel=\"canonical\" href=\"https:\/\/support.kyrioschms.com\/pt\/sugestao-melhoria\/\" \/>\n<meta property=\"og:locale\" content=\"pt_PT\" \/>\n<meta property=\"og:type\" content=\"article\" \/>\n<meta property=\"og:title\" content=\"Sugest\u00e3o de melhoria - Kyrios ChMS - Support Portal\" \/>\n<meta property=\"og:description\" content=\"Sugest\u00f5es Se tiver sugest\u00f5es de melhoria para o Kyrios, fa\u00e7a-nos chegar preenchendo o formul\u00e1rio a seguir: Se tiver dificuldade em submeter o seu pedido, clique aqui para abrir um formul\u00e1rio alternativo\" \/>\n<meta property=\"og:url\" content=\"https:\/\/support.kyrioschms.com\/pt\/sugestao-melhoria\/\" \/>\n<meta property=\"og:site_name\" content=\"Kyrios ChMS - Support Portal\" \/>\n<meta property=\"article:publisher\" content=\"https:\/\/www.facebook.com\/kyrioschms\/\" \/>\n<meta property=\"article:modified_time\" content=\"2021-10-21T13:45:53+00:00\" \/>\n<meta name=\"twitter:card\" content=\"summary_large_image\" \/>\n<meta name=\"twitter:label1\" content=\"Tempo estimado de leitura\" \/>\n\t<meta name=\"twitter:data1\" content=\"1 minuto\" \/>\n<script type=\"application\/ld+json\" class=\"yoast-schema-graph\">{\"@context\":\"https:\/\/schema.org\",\"@graph\":[{\"@type\":\"WebPage\",\"@id\":\"https:\/\/support.kyrioschms.com\/pt\/sugestao-melhoria\/\",\"url\":\"https:\/\/support.kyrioschms.com\/pt\/sugestao-melhoria\/\",\"name\":\"Sugest\u00e3o de melhoria - Kyrios ChMS - Support Portal\",\"isPartOf\":{\"@id\":\"https:\/\/support.kyrioschms.com\/es\/#website\"},\"datePublished\":\"2020-10-09T11:29:32+00:00\",\"dateModified\":\"2021-10-21T13:45:53+00:00\",\"breadcrumb\":{\"@id\":\"https:\/\/support.kyrioschms.com\/pt\/sugestao-melhoria\/#breadcrumb\"},\"inLanguage\":\"pt-PT\",\"potentialAction\":[{\"@type\":\"ReadAction\",\"target\":[\"https:\/\/support.kyrioschms.com\/pt\/sugestao-melhoria\/\"]}]},{\"@type\":\"BreadcrumbList\",\"@id\":\"https:\/\/support.kyrioschms.com\/pt\/sugestao-melhoria\/#breadcrumb\",\"itemListElement\":[{\"@type\":\"ListItem\",\"position\":1,\"name\":\"In\u00edcio\",\"item\":\"https:\/\/support.kyrioschms.com\/es\/\"},{\"@type\":\"ListItem\",\"position\":2,\"name\":\"Sugest\u00e3o de melhoria\"}]},{\"@type\":\"WebSite\",\"@id\":\"https:\/\/support.kyrioschms.com\/es\/#website\",\"url\":\"https:\/\/support.kyrioschms.com\/es\/\",\"name\":\"Kyrios ChMS - Support Portal\",\"description\":\"Get you support for Kyrios\",\"publisher\":{\"@id\":\"https:\/\/support.kyrioschms.com\/es\/#organization\"},\"potentialAction\":[{\"@type\":\"SearchAction\",\"target\":{\"@type\":\"EntryPoint\",\"urlTemplate\":\"https:\/\/support.kyrioschms.com\/es\/?s={search_term_string}\"},\"query-input\":\"required name=search_term_string\"}],\"inLanguage\":\"pt-PT\"},{\"@type\":\"Organization\",\"@id\":\"https:\/\/support.kyrioschms.com\/es\/#organization\",\"name\":\"Kyrios ChMS\",\"url\":\"https:\/\/support.kyrioschms.com\/es\/\",\"logo\":{\"@type\":\"ImageObject\",\"inLanguage\":\"pt-PT\",\"@id\":\"https:\/\/support.kyrioschms.com\/es\/#\/schema\/logo\/image\/\",\"url\":\"https:\/\/i0.wp.com\/support.kyrioschms.com\/wp-content\/uploads\/2020\/09\/kyrios_chms_logo_azulpkt_300dpi.png?fit=510%2C190&ssl=1\",\"contentUrl\":\"https:\/\/i0.wp.com\/support.kyrioschms.com\/wp-content\/uploads\/2020\/09\/kyrios_chms_logo_azulpkt_300dpi.png?fit=510%2C190&ssl=1\",\"width\":510,\"height\":190,\"caption\":\"Kyrios ChMS\"},\"image\":{\"@id\":\"https:\/\/support.kyrioschms.com\/es\/#\/schema\/logo\/image\/\"},\"sameAs\":[\"https:\/\/www.facebook.com\/kyrioschms\/\",\"https:\/\/www.instagram.com\/kyrioschms\/\",\"https:\/\/www.youtube.com\/channel\/UC1GRlmM_rtlhm1widYExwkg\"]}]}<\/script>\n<!-- \/ Yoast SEO plugin. -->","yoast_head_json":{"title":"Sugest\u00e3o de melhoria - Kyrios ChMS - Support Portal","robots":{"index":"index","follow":"follow","max-snippet":"max-snippet:-1","max-image-preview":"max-image-preview:large","max-video-preview":"max-video-preview:-1"},"canonical":"https:\/\/support.kyrioschms.com\/pt\/sugestao-melhoria\/","og_locale":"pt_PT","og_type":"article","og_title":"Sugest\u00e3o de melhoria - Kyrios ChMS - Support Portal","og_description":"Sugest\u00f5es Se tiver sugest\u00f5es de melhoria para o Kyrios, fa\u00e7a-nos chegar preenchendo o formul\u00e1rio a seguir: Se tiver dificuldade em submeter o seu pedido, clique aqui para abrir um formul\u00e1rio alternativo","og_url":"https:\/\/support.kyrioschms.com\/pt\/sugestao-melhoria\/","og_site_name":"Kyrios ChMS - Support Portal","article_publisher":"https:\/\/www.facebook.com\/kyrioschms\/","article_modified_time":"2021-10-21T13:45:53+00:00","twitter_card":"summary_large_image","twitter_misc":{"Tempo estimado de leitura":"1 minuto"},"schema":{"@context":"https:\/\/schema.org","@graph":[{"@type":"WebPage","@id":"https:\/\/support.kyrioschms.com\/pt\/sugestao-melhoria\/","url":"https:\/\/support.kyrioschms.com\/pt\/sugestao-melhoria\/","name":"Sugest\u00e3o de melhoria - Kyrios ChMS - Support Portal","isPartOf":{"@id":"https:\/\/support.kyrioschms.com\/es\/#website"},"datePublished":"2020-10-09T11:29:32+00:00","dateModified":"2021-10-21T13:45:53+00:00","breadcrumb":{"@id":"https:\/\/support.kyrioschms.com\/pt\/sugestao-melhoria\/#breadcrumb"},"inLanguage":"pt-PT","potentialAction":[{"@type":"ReadAction","target":["https:\/\/support.kyrioschms.com\/pt\/sugestao-melhoria\/"]}]},{"@type":"BreadcrumbList","@id":"https:\/\/support.kyrioschms.com\/pt\/sugestao-melhoria\/#breadcrumb","itemListElement":[{"@type":"ListItem","position":1,"name":"In\u00edcio","item":"https:\/\/support.kyrioschms.com\/es\/"},{"@type":"ListItem","position":2,"name":"Sugest\u00e3o de melhoria"}]},{"@type":"WebSite","@id":"https:\/\/support.kyrioschms.com\/es\/#website","url":"https:\/\/support.kyrioschms.com\/es\/","name":"Kyrios ChMS - Support Portal","description":"Get you support for Kyrios","publisher":{"@id":"https:\/\/support.kyrioschms.com\/es\/#organization"},"potentialAction":[{"@type":"SearchAction","target":{"@type":"EntryPoint","urlTemplate":"https:\/\/support.kyrioschms.com\/es\/?s={search_term_string}"},"query-input":"required name=search_term_string"}],"inLanguage":"pt-PT"},{"@type":"Organization","@id":"https:\/\/support.kyrioschms.com\/es\/#organization","name":"Kyrios ChMS","url":"https:\/\/support.kyrioschms.com\/es\/","logo":{"@type":"ImageObject","inLanguage":"pt-PT","@id":"https:\/\/support.kyrioschms.com\/es\/#\/schema\/logo\/image\/","url":"https:\/\/i0.wp.com\/support.kyrioschms.com\/wp-content\/uploads\/2020\/09\/kyrios_chms_logo_azulpkt_300dpi.png?fit=510%2C190&ssl=1","contentUrl":"https:\/\/i0.wp.com\/support.kyrioschms.com\/wp-content\/uploads\/2020\/09\/kyrios_chms_logo_azulpkt_300dpi.png?fit=510%2C190&ssl=1","width":510,"height":190,"caption":"Kyrios ChMS"},"image":{"@id":"https:\/\/support.kyrioschms.com\/es\/#\/schema\/logo\/image\/"},"sameAs":["https:\/\/www.facebook.com\/kyrioschms\/","https:\/\/www.instagram.com\/kyrioschms\/","https:\/\/www.youtube.com\/channel\/UC1GRlmM_rtlhm1widYExwkg"]}]}},"jetpack_sharing_enabled":true,"_links":{"self":[{"href":"https:\/\/support.kyrioschms.com\/pt\/wp-json\/wp\/v2\/pages\/209"}],"collection":[{"href":"https:\/\/support.kyrioschms.com\/pt\/wp-json\/wp\/v2\/pages"}],"about":[{"href":"https:\/\/support.kyrioschms.com\/pt\/wp-json\/wp\/v2\/types\/page"}],"author":[{"embeddable":true,"href":"https:\/\/support.kyrioschms.com\/pt\/wp-json\/wp\/v2\/users\/1"}],"replies":[{"embeddable":true,"href":"https:\/\/support.kyrioschms.com\/pt\/wp-json\/wp\/v2\/comments?post=209"}],"version-history":[{"count":9,"href":"https:\/\/support.kyrioschms.com\/pt\/wp-json\/wp\/v2\/pages\/209\/revisions"}],"predecessor-version":[{"id":1862,"href":"https:\/\/support.kyrioschms.com\/pt\/wp-json\/wp\/v2\/pages\/209\/revisions\/1862"}],"wp:attachment":[{"href":"https:\/\/support.kyrioschms.com\/pt\/wp-json\/wp\/v2\/media?parent=209"}],"curies":[{"name":"wp","href":"https:\/\/api.w.org\/{rel}","templated":true}]}}